{"id":4114,"date":"2020-07-08T11:54:52","date_gmt":"2020-07-08T16:54:52","guid":{"rendered":"https:\/\/www.lincolnschallenge.org\/?page_id=4114"},"modified":"2025-01-14T12:49:33","modified_gmt":"2025-01-14T18:49:33","slug":"downstate","status":"publish","type":"page","link":"https:\/\/www.lincolnschallenge.org\/es\/downstate\/","title":{"rendered":"Downstate"},"content":{"rendered":"<div data-elementor-type=\"wp-page\" data-elementor-id=\"4114\" class=\"elementor elementor-4114\" data-elementor-post-type=\"page\">\n\t\t\t\t\t\t<section class=\"elementor-section elementor-top-section elementor-element elementor-element-6d7a16e elementor-section-full_width elementor-section-height-default elementor-section-height-default\" data-id=\"6d7a16e\" data-element_type=\"section\" data-e-type=\"section\" data-settings=\"{&quot;background_background&quot;:&quot;classic&quot;}\">\n\t\t\t\t\t\t<div class=\"elementor-container elementor-column-gap-no\">\n\t\t\t\t\t<div class=\"elementor-column elementor-col-100 elementor-top-column elementor-element elementor-element-f279e29 addshadow\" data-id=\"f279e29\" data-element_type=\"column\" data-e-type=\"column\">\n\t\t\t<div class=\"elementor-widget-wrap elementor-element-populated\">\n\t\t\t\t\t\t<div class=\"elementor-element elementor-element-f02bacd elementor-widget elementor-widget-text-editor\" data-id=\"f02bacd\" data-element_type=\"widget\" data-e-type=\"widget\" data-widget_type=\"text-editor.default\">\n\t\t\t\t<div class=\"elementor-widget-container\">\n\t\t\t\t\t\t\t\t\t<p>Downstate<\/p>\t\t\t\t\t\t\t\t<\/div>\n\t\t\t\t<\/div>\n\t\t\t\t\t<\/div>\n\t\t<\/div>\n\t\t\t\t\t<\/div>\n\t\t<\/section>\n\t\t\t\t<section class=\"elementor-section elementor-top-section elementor-element elementor-element-f756850 elementor-section-content-middle elementor-hidden-tablet elementor-hidden-phone elementor-section-boxed elementor-section-height-default elementor-section-height-default\" data-id=\"f756850\" data-element_type=\"section\" data-e-type=\"section\" data-settings=\"{&quot;background_background&quot;:&quot;classic&quot;}\">\n\t\t\t\t\t\t<div class=\"elementor-container elementor-column-gap-default\">\n\t\t\t\t\t<div class=\"elementor-column elementor-col-100 elementor-top-column elementor-element elementor-element-38b8648\" data-id=\"38b8648\" data-element_type=\"column\" data-e-type=\"column\">\n\t\t\t<div class=\"elementor-widget-wrap elementor-element-populated\">\n\t\t\t\t\t\t<div class=\"elementor-element elementor-element-2f4e864 elementor-widget elementor-widget-text-editor\" data-id=\"2f4e864\" data-element_type=\"widget\" data-e-type=\"widget\" data-widget_type=\"text-editor.default\">\n\t\t\t\t<div class=\"elementor-widget-container\">\n\t\t\t\t\t\t\t\t\t<p class=\"translation-block\">IMPORTANTE: PARA PROGRAMAR UNA ORIENTACI\u00d3N OBLIGATORIA Y PRESENTAR EXITOSAMENTE UNA SOLICITUD:<\/p><p><span style=\"color: #555555;\">1. Complete y env\u00ede un formulario de informaci\u00f3n de contacto del reclutador a continuaci\u00f3n.<\/span><br \/><span style=\"color: #555555;\">2. Un representante lo llamar\u00e1 \/ enviar\u00e1 un correo electr\u00f3nico para programar una orientaci\u00f3n m\u00e1s cercana a usted.<\/span><br \/><span style=\"color: #555555;\">3. Lleve la mayor cantidad posible de documentos necesarios a la orientaci\u00f3n.<\/span><br \/><span style=\"color: #555555;\">4. El solicitante de admisi\u00f3n debe usar zapatos de gimnasia, jeans azules y una camiseta blanca para orientarse.<\/span><br \/><span style=\"color: #555555;\">5. Complete una solicitud en la orientaci\u00f3n.<\/span><\/p><p><span style=\"color: #555555;\"><strong>Documentos Requeridos:<\/strong><\/span><br \/><span style=\"color: #555555;\">a. Tarjeta de seguro Social<\/span><br \/><span style=\"color: #555555;\">b. Una identificaci\u00f3n estatal o una licencia de conducir de IL<\/span><br \/><span style=\"color: #555555;\">c. Cartilla de vacunaci\u00f3n<\/span><br \/><span style=\"color: #555555;\">d. Certificado de nacimiento<\/span><br \/><span style=\"color: #555555;\">e. Solicitud de Mentor<\/span><br \/><span style=\"color: #555555;\">f. Cobertura de seguro de salud: si recibe asistencia p\u00fablica, aseg\u00farese de que el n\u00famero de tarjeta est\u00e9 en el formulario<\/span><br \/><span style=\"color: #555555;\">g. Transcripci\u00f3n de preparatoria<\/span><\/p><p><span style=\"color: #555555;\"><strong>Nota:<\/strong> Si usted es un residente extranjero, deber\u00e1 traer una copia de su visa.<\/span><\/p>\t\t\t\t\t\t\t\t<\/div>\n\t\t\t\t<\/div>\n\t\t\t\t\t<\/div>\n\t\t<\/div>\n\t\t\t\t\t<\/div>\n\t\t<\/section>\n\t\t\t\t<section class=\"elementor-section elementor-top-section elementor-element elementor-element-407e47f elementor-section-content-middle elementor-hidden-tablet elementor-hidden-mobile elementor-section-boxed elementor-section-height-default elementor-section-height-default\" data-id=\"407e47f\" data-element_type=\"section\" data-e-type=\"section\" data-settings=\"{&quot;background_background&quot;:&quot;classic&quot;}\">\n\t\t\t\t\t\t<div class=\"elementor-container elementor-column-gap-no\">\n\t\t\t\t\t<div class=\"elementor-column elementor-col-100 elementor-top-column elementor-element elementor-element-7f81af6\" data-id=\"7f81af6\" data-element_type=\"column\" data-e-type=\"column\">\n\t\t\t<div class=\"elementor-widget-wrap elementor-element-populated\">\n\t\t\t\t\t\t<div class=\"elementor-element elementor-element-bd62790 elementor-widget elementor-widget-text-editor\" data-id=\"bd62790\" data-element_type=\"widget\" data-e-type=\"widget\" data-widget_type=\"text-editor.default\">\n\t\t\t\t<div class=\"elementor-widget-container\">\n\t\t\t\t\t\t\t\t\t<p>Downstate Area Recruiters<\/p>\t\t\t\t\t\t\t\t<\/div>\n\t\t\t\t<\/div>\n\t\t\t\t<section class=\"elementor-section elementor-inner-section elementor-element elementor-element-5b4ce13 elementor-section-boxed elementor-section-height-default elementor-section-height-default\" data-id=\"5b4ce13\" data-element_type=\"section\" data-e-type=\"section\">\n\t\t\t\t\t\t<div class=\"elementor-container elementor-column-gap-default\">\n\t\t\t\t\t<div class=\"elementor-column elementor-col-50 elementor-inner-column elementor-element elementor-element-aad2a29\" data-id=\"aad2a29\" data-element_type=\"column\" data-e-type=\"column\">\n\t\t\t<div class=\"elementor-widget-wrap\">\n\t\t\t\t\t\t\t<\/div>\n\t\t<\/div>\n\t\t\t\t<div class=\"elementor-column elementor-col-50 elementor-inner-column elementor-element elementor-element-3d28afb\" data-id=\"3d28afb\" data-element_type=\"column\" data-e-type=\"column\">\n\t\t\t<div class=\"elementor-widget-wrap elementor-element-populated\">\n\t\t\t\t\t\t<div class=\"elementor-element elementor-element-932e97c fixptitle elementor-widget__width-initial elementor-widget elementor-widget-text-editor\" data-id=\"932e97c\" data-element_type=\"widget\" data-e-type=\"widget\" data-widget_type=\"text-editor.default\">\n\t\t\t\t<div class=\"elementor-widget-container\">\n\t\t\t\t\t\t\t\t\t<p>R<span style=\"font-weight: bold;\">ecruiter Information:<\/span><\/p><p><span style=\"font-weight: bold;\">\u00a0<\/span><\/p><p>\u00a0<\/p><p><span style=\"font-weight: bold;\">Name<\/span>: Walter Odom<br \/><span style=\"font-weight: bold;\">Email<\/span>: wodom@lincolnschallenge.org<br \/><span style=\"font-weight: bold;\">Phone<\/span>: 217-418-8431<\/p><p>\u00a0<\/p>\t\t\t\t\t\t\t\t<\/div>\n\t\t\t\t<\/div>\n\t\t\t\t\t<\/div>\n\t\t<\/div>\n\t\t\t\t\t<\/div>\n\t\t<\/section>\n\t\t\t\t\t<\/div>\n\t\t<\/div>\n\t\t\t\t\t<\/div>\n\t\t<\/section>\n\t\t\t\t<section class=\"elementor-section elementor-top-section elementor-element elementor-element-8cb4658 elementor-hidden-tablet elementor-hidden-phone elementor-section-boxed elementor-section-height-default elementor-section-height-default\" data-id=\"8cb4658\" data-element_type=\"section\" data-e-type=\"section\" data-settings=\"{&quot;background_background&quot;:&quot;classic&quot;}\">\n\t\t\t\t\t\t<div class=\"elementor-container elementor-column-gap-default\">\n\t\t\t\t\t<div class=\"elementor-column elementor-col-100 elementor-top-column elementor-element elementor-element-129fb0d\" data-id=\"129fb0d\" data-element_type=\"column\" data-e-type=\"column\">\n\t\t\t<div class=\"elementor-widget-wrap elementor-element-populated\">\n\t\t\t\t\t\t<div class=\"elementor-element elementor-element-ae49c11 recrtuiterinformationbutton elementor-widget elementor-widget-html\" data-id=\"ae49c11\" data-element_type=\"widget\" data-e-type=\"widget\" data-widget_type=\"html.default\">\n\t\t\t\t<div class=\"elementor-widget-container\">\n\t\t\t\t\t<a href=\"https:\/\/www.lincolnschallenge.org\/es\/application-page\/\">\n    <div class=\"recruiterinformationbutton\">\n        <span class=\"elementor-align-icon-left\">\n            <i class=\"far fa-address-card\">\n            <\/i>\n            <\/span>Formulario de Informaci\u00f3n de Contacto del Reclutador\n    <\/div>\n    <\/a>\t\t\t\t<\/div>\n\t\t\t\t<\/div>\n\t\t\t\t\t<\/div>\n\t\t<\/div>\n\t\t\t\t\t<\/div>\n\t\t<\/section>\n\t\t\t\t<section class=\"elementor-section elementor-top-section elementor-element elementor-element-eaccd7a elementor-hidden-desktop elementor-section-boxed elementor-section-height-default elementor-section-height-default\" data-id=\"eaccd7a\" data-element_type=\"section\" data-e-type=\"section\" data-settings=\"{&quot;background_background&quot;:&quot;classic&quot;}\">\n\t\t\t\t\t\t<div class=\"elementor-container elementor-column-gap-default\">\n\t\t\t\t\t<div class=\"elementor-column elementor-col-100 elementor-top-column elementor-element elementor-element-053bfde\" data-id=\"053bfde\" data-element_type=\"column\" data-e-type=\"column\">\n\t\t\t<div class=\"elementor-widget-wrap elementor-element-populated\">\n\t\t\t\t\t\t<div class=\"elementor-element elementor-element-f7fb04c elementor-widget elementor-widget-text-editor\" data-id=\"f7fb04c\" data-element_type=\"widget\" data-e-type=\"widget\" data-widget_type=\"text-editor.default\">\n\t\t\t\t<div class=\"elementor-widget-container\">\n\t\t\t\t\t\t\t\t\t<p class=\"translation-block\">IMPORTANTE: PARA PROGRAMAR UNA ORIENTACI\u00d3N OBLIGATORIA Y PRESENTAR EXITOSAMENTE UNA SOLICITUD:<\/p><p>1. Complete y env\u00ede un formulario de informaci\u00f3n de contacto del reclutador a continuaci\u00f3n.<br \/>2. Un representante lo llamar\u00e1 \/ enviar\u00e1 un correo electr\u00f3nico para programar una orientaci\u00f3n m\u00e1s cercana a usted.<br \/>3. Lleve la mayor cantidad posible de documentos necesarios a la orientaci\u00f3n.<br \/>4. El solicitante de admisi\u00f3n debe usar zapatos de gimnasia, jeans azules y una camiseta blanca para orientarse.<br \/>5. Complete una solicitud en la orientaci\u00f3n.<\/p><p><strong>Documentos Requeridos:<\/strong><br \/>a. Tarjeta de seguro Social<br \/>b. Una identificaci\u00f3n estatal o una licencia de conducir de IL<br \/>c. Cartilla de vacunaci\u00f3n<br \/>d. Certificado de nacimiento<br \/>e. Solicitud de Mentor<br \/>f. Cobertura de seguro de salud: si recibe asistencia p\u00fablica, aseg\u00farese de que el n\u00famero de tarjeta est\u00e9 en el formulario<br \/>g. Transcripci\u00f3n de preparatoria<\/p><p><strong>Nota:<\/strong> Si usted es un residente extranjero, deber\u00e1 traer una copia de su visa.<\/p>\t\t\t\t\t\t\t\t<\/div>\n\t\t\t\t<\/div>\n\t\t\t\t<div class=\"elementor-element elementor-element-03946a1 elementor-widget elementor-widget-html\" data-id=\"03946a1\" data-element_type=\"widget\" data-e-type=\"widget\" data-widget_type=\"html.default\">\n\t\t\t\t<div class=\"elementor-widget-container\">\n\t\t\t\t\t<a href=\"https:\/\/www.lincolnschallenge.org\/es\/application-page\/\">\n    <div class=\"recruiterinformationbutton\">\n        <span class=\"elementor-align-icon-left\">\n            <i class=\"far fa-address-card\">\n            <\/i>\n            <\/span>Formulario de Informaci\u00f3n de Contacto del Reclutador\n    <\/div>\n    <\/a>\t\t\t\t<\/div>\n\t\t\t\t<\/div>\n\t\t\t\t\t<\/div>\n\t\t<\/div>\n\t\t\t\t\t<\/div>\n\t\t<\/section>\n\t\t\t\t<section class=\"elementor-section elementor-top-section elementor-element elementor-element-0934260 elementor-hidden-desktop elementor-section-content-middle elementor-section-boxed elementor-section-height-default elementor-section-height-default\" data-id=\"0934260\" data-element_type=\"section\" data-e-type=\"section\" data-settings=\"{&quot;background_background&quot;:&quot;classic&quot;}\">\n\t\t\t\t\t\t<div class=\"elementor-container elementor-column-gap-no\">\n\t\t\t\t\t<div class=\"elementor-column elementor-col-100 elementor-top-column elementor-element elementor-element-1d89dd1\" data-id=\"1d89dd1\" data-element_type=\"column\" data-e-type=\"column\">\n\t\t\t<div class=\"elementor-widget-wrap elementor-element-populated\">\n\t\t\t\t\t\t<div class=\"elementor-element elementor-element-7904f1f elementor-widget elementor-widget-text-editor\" data-id=\"7904f1f\" data-element_type=\"widget\" data-e-type=\"widget\" data-widget_type=\"text-editor.default\">\n\t\t\t\t<div class=\"elementor-widget-container\">\n\t\t\t\t\t\t\t\t\t<p>Downstate Area Orientations &amp; Admissions<\/p>\t\t\t\t\t\t\t\t<\/div>\n\t\t\t\t<\/div>\n\t\t\t\t<section class=\"elementor-section elementor-inner-section elementor-element elementor-element-014e1cf elementor-section-boxed elementor-section-height-default elementor-section-height-default\" data-id=\"014e1cf\" data-element_type=\"section\" data-e-type=\"section\">\n\t\t\t\t\t\t<div class=\"elementor-container elementor-column-gap-default\">\n\t\t\t\t\t<div class=\"elementor-column elementor-col-50 elementor-inner-column elementor-element elementor-element-07fe944\" data-id=\"07fe944\" data-element_type=\"column\" data-e-type=\"column\">\n\t\t\t<div class=\"elementor-widget-wrap elementor-element-populated\">\n\t\t\t\t\t\t<div class=\"elementor-element elementor-element-8070358 elementor-view-stacked elementor-shape-circle elementor-widget elementor-widget-icon\" data-id=\"8070358\" data-element_type=\"widget\" data-e-type=\"widget\" data-widget_type=\"icon.default\">\n\t\t\t\t<div class=\"elementor-widget-container\">\n\t\t\t\t\t\t\t<div class=\"elementor-icon-wrapper\">\n\t\t\t<a class=\"elementor-icon\" href=\"https:\/\/goo.gl\/maps\/TpR2oCJgABXc7NxH8\" target=\"_blank\">\n\t\t\t<i aria-hidden=\"true\" class=\"fas fa-map-marker-alt\"><\/i>\t\t\t<\/a>\n\t\t<\/div>\n\t\t\t\t\t\t<\/div>\n\t\t\t\t<\/div>\n\t\t\t\t\t<\/div>\n\t\t<\/div>\n\t\t\t\t<div class=\"elementor-column elementor-col-50 elementor-inner-column elementor-element elementor-element-577c0af\" data-id=\"577c0af\" data-element_type=\"column\" data-e-type=\"column\">\n\t\t\t<div class=\"elementor-widget-wrap elementor-element-populated\">\n\t\t\t\t\t\t<div class=\"elementor-element elementor-element-15274d4 elementor-widget elementor-widget-text-editor\" data-id=\"15274d4\" data-element_type=\"widget\" data-e-type=\"widget\" data-widget_type=\"text-editor.default\">\n\t\t\t\t<div class=\"elementor-widget-container\">\n\t\t\t\t\t\t\t\t\t<p>Lincoln&#8217;s Challenge Academy<br \/>212 W Borman Dr<br \/>Rantoul, IL 61866<\/p>\t\t\t\t\t\t\t\t<\/div>\n\t\t\t\t<\/div>\n\t\t\t\t\t<\/div>\n\t\t<\/div>\n\t\t\t\t\t<\/div>\n\t\t<\/section>\n\t\t\t\t<section class=\"elementor-section elementor-inner-section elementor-element elementor-element-4046ee5 elementor-section-boxed elementor-section-height-default elementor-section-height-default\" data-id=\"4046ee5\" data-element_type=\"section\" data-e-type=\"section\">\n\t\t\t\t\t\t<div class=\"elementor-container elementor-column-gap-default\">\n\t\t\t\t\t<div class=\"elementor-column elementor-col-33 elementor-inner-column elementor-element elementor-element-84fc5aa\" data-id=\"84fc5aa\" data-element_type=\"column\" data-e-type=\"column\">\n\t\t\t<div class=\"elementor-widget-wrap elementor-element-populated\">\n\t\t\t\t\t\t<div class=\"elementor-element elementor-element-12105f8 elementor-view-stacked elementor-shape-circle elementor-widget elementor-widget-icon\" data-id=\"12105f8\" data-element_type=\"widget\" data-e-type=\"widget\" data-widget_type=\"icon.default\">\n\t\t\t\t<div class=\"elementor-widget-container\">\n\t\t\t\t\t\t\t<div class=\"elementor-icon-wrapper\">\n\t\t\t<a class=\"elementor-icon\" href=\"mailto:admissions@lincolnschallenge.org\">\n\t\t\t<i aria-hidden=\"true\" class=\"fas fa-envelope\"><\/i>\t\t\t<\/a>\n\t\t<\/div>\n\t\t\t\t\t\t<\/div>\n\t\t\t\t<\/div>\n\t\t\t\t\t<\/div>\n\t\t<\/div>\n\t\t\t\t<div class=\"elementor-column elementor-col-66 elementor-inner-column elementor-element elementor-element-d8ef7d7\" data-id=\"d8ef7d7\" data-element_type=\"column\" data-e-type=\"column\">\n\t\t\t<div class=\"elementor-widget-wrap elementor-element-populated\">\n\t\t\t\t\t\t<div class=\"elementor-element elementor-element-021f619 elementor-widget elementor-widget-text-editor\" data-id=\"021f619\" data-element_type=\"widget\" data-e-type=\"widget\" data-widget_type=\"text-editor.default\">\n\t\t\t\t<div class=\"elementor-widget-container\">\n\t\t\t\t\t\t\t\t\t<p>admissions@lincolnschallenge.org<\/p>\t\t\t\t\t\t\t\t<\/div>\n\t\t\t\t<\/div>\n\t\t\t\t\t<\/div>\n\t\t<\/div>\n\t\t\t\t\t<\/div>\n\t\t<\/section>\n\t\t\t\t\t<\/div>\n\t\t<\/div>\n\t\t\t\t\t<\/div>\n\t\t<\/section>\n\t\t\t\t<\/div>","protected":false},"excerpt":{"rendered":"<p>Downstate IMPORTANT:TO SCHEDULE A MANDATORY ORIENTATION AND SUCCESSFULLY SUBMIT AN APPLICATION: 1. Fill out and submit a Recruiter Contact Information Form below.2. A representative will call\/email you to schedule an orientation closest to you.3. Bring as many of the required documents with you to orientation as possible.4. Applicant for admission must wear gym shoes, blue [&hellip;]<\/p>\n","protected":false},"author":3,"featured_media":0,"parent":0,"menu_order":0,"comment_status":"closed","ping_status":"closed","template":"elementor_header_footer","meta":{"_exactmetrics_skip_tracking":false,"_exactmetrics_sitenote_active":false,"_exactmetrics_sitenote_note":"","_exactmetrics_sitenote_category":0,"footnotes":""},"class_list":["post-4114","page","type-page","status-publish","hentry"],"_links":{"self":[{"href":"https:\/\/www.lincolnschallenge.org\/es\/wp-json\/wp\/v2\/pages\/4114","targetHints":{"allow":["GET"]}}],"collection":[{"href":"https:\/\/www.lincolnschallenge.org\/es\/wp-json\/wp\/v2\/pages"}],"about":[{"href":"https:\/\/www.lincolnschallenge.org\/es\/wp-json\/wp\/v2\/types\/page"}],"author":[{"embeddable":true,"href":"https:\/\/www.lincolnschallenge.org\/es\/wp-json\/wp\/v2\/users\/3"}],"replies":[{"embeddable":true,"href":"https:\/\/www.lincolnschallenge.org\/es\/wp-json\/wp\/v2\/comments?post=4114"}],"version-history":[{"count":9,"href":"https:\/\/www.lincolnschallenge.org\/es\/wp-json\/wp\/v2\/pages\/4114\/revisions"}],"predecessor-version":[{"id":37791,"href":"https:\/\/www.lincolnschallenge.org\/es\/wp-json\/wp\/v2\/pages\/4114\/revisions\/37791"}],"wp:attachment":[{"href":"https:\/\/www.lincolnschallenge.org\/es\/wp-json\/wp\/v2\/media?parent=4114"}],"curies":[{"name":"wp","href":"https:\/\/api.w.org\/{rel}","templated":true}]}}