{"id":4063,"date":"2020-07-06T11:54:18","date_gmt":"2020-07-06T16:54:18","guid":{"rendered":"https:\/\/www.lincolnschallenge.org\/?page_id=4063"},"modified":"2024-08-09T09:33:49","modified_gmt":"2024-08-09T14:33:49","slug":"chicago-area","status":"publish","type":"page","link":"https:\/\/www.lincolnschallenge.org\/es\/chicago-area\/","title":{"rendered":"Chicago Area"},"content":{"rendered":"<div data-elementor-type=\"wp-page\" data-elementor-id=\"4063\" class=\"elementor elementor-4063\" data-elementor-post-type=\"page\">\n\t\t\t\t\t\t<section class=\"elementor-section elementor-top-section elementor-element elementor-element-b7bb2c9 elementor-section-full_width addshadow elementor-section-height-default elementor-section-height-default\" data-id=\"b7bb2c9\" data-element_type=\"section\" data-e-type=\"section\" data-settings=\"{&quot;background_background&quot;:&quot;classic&quot;}\">\n\t\t\t\t\t\t<div class=\"elementor-container elementor-column-gap-no\">\n\t\t\t\t\t<div class=\"elementor-column elementor-col-100 elementor-top-column elementor-element elementor-element-59a7fa5 addshadow\" data-id=\"59a7fa5\" data-element_type=\"column\" data-e-type=\"column\">\n\t\t\t<div class=\"elementor-widget-wrap elementor-element-populated\">\n\t\t\t\t\t\t<div class=\"elementor-element elementor-element-2d015d8 elementor-widget elementor-widget-text-editor\" data-id=\"2d015d8\" data-element_type=\"widget\" data-e-type=\"widget\" data-widget_type=\"text-editor.default\">\n\t\t\t\t<div class=\"elementor-widget-container\">\n\t\t\t\t\t\t\t\t\t<p>Chicago Area<\/p>\t\t\t\t\t\t\t\t<\/div>\n\t\t\t\t<\/div>\n\t\t\t\t\t<\/div>\n\t\t<\/div>\n\t\t\t\t\t<\/div>\n\t\t<\/section>\n\t\t\t\t<section class=\"elementor-section elementor-top-section elementor-element elementor-element-a9e9555 elementor-section-content-middle elementor-hidden-tablet elementor-hidden-phone elementor-section-boxed elementor-section-height-default elementor-section-height-default\" data-id=\"a9e9555\" data-element_type=\"section\" data-e-type=\"section\" data-settings=\"{&quot;background_background&quot;:&quot;classic&quot;}\">\n\t\t\t\t\t\t<div class=\"elementor-container elementor-column-gap-default\">\n\t\t\t\t\t<div class=\"elementor-column elementor-col-100 elementor-top-column elementor-element elementor-element-7c2a498\" data-id=\"7c2a498\" data-element_type=\"column\" data-e-type=\"column\">\n\t\t\t<div class=\"elementor-widget-wrap elementor-element-populated\">\n\t\t\t\t\t\t<div class=\"elementor-element elementor-element-801a990 elementor-widget elementor-widget-text-editor\" data-id=\"801a990\" data-element_type=\"widget\" data-e-type=\"widget\" data-widget_type=\"text-editor.default\">\n\t\t\t\t<div class=\"elementor-widget-container\">\n\t\t\t\t\t\t\t\t\t<p class=\"translation-block\">IMPORTANTE: PARA PROGRAMAR UNA ORIENTACI\u00d3N OBLIGATORIA Y PRESENTAR EXITOSAMENTE UNA SOLICITUD:<\/p><p><span style=\"color: #555555;\">1. Complete y env\u00ede un formulario de informaci\u00f3n de contacto del reclutador a continuaci\u00f3n.<\/span><br \/><span style=\"color: #555555;\">2. Un representante lo llamar\u00e1 \/ enviar\u00e1 un correo electr\u00f3nico para programar una orientaci\u00f3n m\u00e1s cercana a usted.<\/span><br \/><span style=\"color: #555555;\">3. Lleve la mayor cantidad posible de documentos necesarios a la orientaci\u00f3n.<\/span><br \/><span style=\"color: #555555;\">4. El solicitante de admisi\u00f3n debe usar zapatos de gimnasia, jeans azules y una camiseta blanca para orientarse.<\/span><br \/><span style=\"color: #555555;\">5. Complete una solicitud en la orientaci\u00f3n.<\/span><\/p><p><span style=\"color: #555555;\"><strong>Documentos Requeridos:<\/strong><\/span><br \/><span style=\"color: #555555;\">a. Tarjeta de seguro Social<\/span><br \/><span style=\"color: #555555;\">b. Una identificaci\u00f3n estatal o una licencia de conducir de IL<\/span><br \/><span style=\"color: #555555;\">c. Cartilla de vacunaci\u00f3n<\/span><br \/><span style=\"color: #555555;\">d. Certificado de nacimiento<\/span><br \/><span style=\"color: #555555;\">e. Solicitud de Mentor<\/span><br \/><span style=\"color: #555555;\">f. Cobertura de seguro de salud: si recibe asistencia p\u00fablica, aseg\u00farese de que el n\u00famero de tarjeta est\u00e9 en el formulario<\/span><br \/><span style=\"color: #555555;\">g. Transcripci\u00f3n de preparatoria<\/span><\/p><p><span style=\"color: #555555;\"><strong>Nota:<\/strong> Si usted es un residente extranjero, deber\u00e1 traer una copia de su visa.<\/span><\/p>\t\t\t\t\t\t\t\t<\/div>\n\t\t\t\t<\/div>\n\t\t\t\t\t<\/div>\n\t\t<\/div>\n\t\t\t\t\t<\/div>\n\t\t<\/section>\n\t\t\t\t<section class=\"elementor-section elementor-top-section elementor-element elementor-element-36b5fe1 elementor-section-content-middle elementor-hidden-tablet elementor-hidden-mobile elementor-section-boxed elementor-section-height-default elementor-section-height-default\" data-id=\"36b5fe1\" data-element_type=\"section\" data-e-type=\"section\" data-settings=\"{&quot;background_background&quot;:&quot;classic&quot;}\">\n\t\t\t\t\t\t<div class=\"elementor-container elementor-column-gap-no\">\n\t\t\t\t\t<div class=\"elementor-column elementor-col-100 elementor-top-column elementor-element elementor-element-a67d817\" data-id=\"a67d817\" data-element_type=\"column\" data-e-type=\"column\">\n\t\t\t<div class=\"elementor-widget-wrap elementor-element-populated\">\n\t\t\t\t\t\t<div class=\"elementor-element elementor-element-9465568 elementor-widget elementor-widget-text-editor\" data-id=\"9465568\" data-element_type=\"widget\" data-e-type=\"widget\" data-widget_type=\"text-editor.default\">\n\t\t\t\t<div class=\"elementor-widget-container\">\n\t\t\t\t\t\t\t\t\t<p>Chicago Area Recruiters<\/p>\t\t\t\t\t\t\t\t<\/div>\n\t\t\t\t<\/div>\n\t\t\t\t<section class=\"elementor-section elementor-inner-section elementor-element elementor-element-e87cd5b elementor-section-boxed elementor-section-height-default elementor-section-height-default\" data-id=\"e87cd5b\" data-element_type=\"section\" data-e-type=\"section\">\n\t\t\t\t\t\t<div class=\"elementor-container elementor-column-gap-default\">\n\t\t\t\t\t<div class=\"elementor-column elementor-col-50 elementor-inner-column elementor-element elementor-element-a58273b\" data-id=\"a58273b\" data-element_type=\"column\" data-e-type=\"column\">\n\t\t\t<div class=\"elementor-widget-wrap\">\n\t\t\t\t\t\t\t<\/div>\n\t\t<\/div>\n\t\t\t\t<div class=\"elementor-column elementor-col-50 elementor-inner-column elementor-element elementor-element-2f6b388\" data-id=\"2f6b388\" data-element_type=\"column\" data-e-type=\"column\">\n\t\t\t<div class=\"elementor-widget-wrap elementor-element-populated\">\n\t\t\t\t\t\t<div class=\"elementor-element elementor-element-b5ee96a fixptitle elementor-widget elementor-widget-text-editor\" data-id=\"b5ee96a\" data-element_type=\"widget\" data-e-type=\"widget\" data-widget_type=\"text-editor.default\">\n\t\t\t\t<div class=\"elementor-widget-container\">\n\t\t\t\t\t\t\t\t\t<p>R<b>ecruiter Information:<\/b><\/p><p><b>\u00a0<\/b><\/p><p><b>Name<\/b>: Autumn Byrd<\/p><p><b>Email<\/b>: abyrd@lincolnschallenge.org<br \/><b>Phone<\/b>: 217-419-6537<\/p><p>\u00a0<\/p><p><b>Name<\/b>: Andrea Martinez (Spanish Speaking)<br \/><b>Email<\/b>: amartinez@lincolnschallenge.org<br \/><b>Phone<\/b>: 217-419-0927<\/p><p>\u00a0<\/p><p><b>Name<\/b>: Walter Odom<br \/><b>Email<\/b>: wodom@lincolnschallenge.org<br \/><b>Phone<\/b>: 217-418-8431<br \/><br \/><\/p>\t\t\t\t\t\t\t\t<\/div>\n\t\t\t\t<\/div>\n\t\t\t\t\t<\/div>\n\t\t<\/div>\n\t\t\t\t\t<\/div>\n\t\t<\/section>\n\t\t\t\t\t<\/div>\n\t\t<\/div>\n\t\t\t\t\t<\/div>\n\t\t<\/section>\n\t\t\t\t<section class=\"elementor-section elementor-top-section elementor-element elementor-element-794cd2b elementor-hidden-tablet elementor-hidden-phone elementor-section-boxed elementor-section-height-default elementor-section-height-default\" data-id=\"794cd2b\" data-element_type=\"section\" data-e-type=\"section\" data-settings=\"{&quot;background_background&quot;:&quot;classic&quot;}\">\n\t\t\t\t\t\t<div class=\"elementor-container elementor-column-gap-default\">\n\t\t\t\t\t<div class=\"elementor-column elementor-col-100 elementor-top-column elementor-element elementor-element-c776aae\" data-id=\"c776aae\" data-element_type=\"column\" data-e-type=\"column\">\n\t\t\t<div class=\"elementor-widget-wrap elementor-element-populated\">\n\t\t\t\t\t\t<div class=\"elementor-element elementor-element-2be8d92 recrtuiterinformationbutton elementor-widget elementor-widget-html\" data-id=\"2be8d92\" data-element_type=\"widget\" data-e-type=\"widget\" data-widget_type=\"html.default\">\n\t\t\t\t<div class=\"elementor-widget-container\">\n\t\t\t\t\t<a href=\"https:\/\/www.lincolnschallenge.org\/es\/application-page\/\">\n    <div class=\"recruiterinformationbutton\">\n        <span class=\"elementor-align-icon-left\">\n            <i class=\"far fa-address-card\">\n            <\/i>\n            <\/span>Formulario de Informaci\u00f3n de Contacto del Reclutador\n    <\/div>\n    <\/a>\t\t\t\t<\/div>\n\t\t\t\t<\/div>\n\t\t\t\t\t<\/div>\n\t\t<\/div>\n\t\t\t\t\t<\/div>\n\t\t<\/section>\n\t\t\t\t<section class=\"elementor-section elementor-top-section elementor-element elementor-element-a4e95ca elementor-hidden-desktop elementor-section-boxed elementor-section-height-default elementor-section-height-default\" data-id=\"a4e95ca\" data-element_type=\"section\" data-e-type=\"section\" data-settings=\"{&quot;background_background&quot;:&quot;classic&quot;}\">\n\t\t\t\t\t\t<div class=\"elementor-container elementor-column-gap-default\">\n\t\t\t\t\t<div class=\"elementor-column elementor-col-100 elementor-top-column elementor-element elementor-element-ab99d23\" data-id=\"ab99d23\" data-element_type=\"column\" data-e-type=\"column\">\n\t\t\t<div class=\"elementor-widget-wrap elementor-element-populated\">\n\t\t\t\t\t\t<div class=\"elementor-element elementor-element-8144e1b elementor-widget elementor-widget-text-editor\" data-id=\"8144e1b\" data-element_type=\"widget\" data-e-type=\"widget\" data-widget_type=\"text-editor.default\">\n\t\t\t\t<div class=\"elementor-widget-container\">\n\t\t\t\t\t\t\t\t\t<p class=\"translation-block\">IMPORTANTE: PARA PROGRAMAR UNA ORIENTACI\u00d3N OBLIGATORIA Y PRESENTAR EXITOSAMENTE UNA SOLICITUD:<\/p><p>1. Complete y env\u00ede un formulario de informaci\u00f3n de contacto del reclutador a continuaci\u00f3n.<br \/>2. Un representante lo llamar\u00e1 \/ enviar\u00e1 un correo electr\u00f3nico para programar una orientaci\u00f3n m\u00e1s cercana a usted.<br \/>3. Lleve la mayor cantidad posible de documentos necesarios a la orientaci\u00f3n.<br \/>4. El solicitante de admisi\u00f3n debe usar zapatos de gimnasia, jeans azules y una camiseta blanca para orientarse.<br \/>5. Complete una solicitud en la orientaci\u00f3n.<\/p><p><strong>Documentos Requeridos:<\/strong><br \/>a. Tarjeta de seguro Social<br \/>b. Una identificaci\u00f3n estatal o una licencia de conducir de IL<br \/>c. Cartilla de vacunaci\u00f3n<br \/>d. Certificado de nacimiento<br \/>e. Solicitud de Mentor<br \/>f. Cobertura de seguro de salud: si recibe asistencia p\u00fablica, aseg\u00farese de que el n\u00famero de tarjeta est\u00e9 en el formulario<br \/>g. Transcripci\u00f3n de preparatoria<\/p><p><strong>Nota:<\/strong> Si usted es un residente extranjero, deber\u00e1 traer una copia de su visa.<\/p>\t\t\t\t\t\t\t\t<\/div>\n\t\t\t\t<\/div>\n\t\t\t\t<div class=\"elementor-element elementor-element-54c772b elementor-widget elementor-widget-html\" data-id=\"54c772b\" data-element_type=\"widget\" data-e-type=\"widget\" data-widget_type=\"html.default\">\n\t\t\t\t<div class=\"elementor-widget-container\">\n\t\t\t\t\t<a href=\"https:\/\/www.lincolnschallenge.org\/es\/application-page\/\">\n    <div class=\"recruiterinformationbutton\">\n        <span class=\"elementor-align-icon-left\">\n            <i class=\"far fa-address-card\">\n            <\/i>\n            <\/span>Formulario de Informaci\u00f3n de Contacto del Reclutador\n    <\/div>\n    <\/a>\t\t\t\t<\/div>\n\t\t\t\t<\/div>\n\t\t\t\t\t<\/div>\n\t\t<\/div>\n\t\t\t\t\t<\/div>\n\t\t<\/section>\n\t\t\t\t<section class=\"elementor-section elementor-top-section elementor-element elementor-element-fa1ff20 elementor-section-content-middle elementor-hidden-desktop elementor-section-boxed elementor-section-height-default elementor-section-height-default\" data-id=\"fa1ff20\" data-element_type=\"section\" data-e-type=\"section\" data-settings=\"{&quot;background_background&quot;:&quot;classic&quot;}\">\n\t\t\t\t\t\t<div class=\"elementor-container elementor-column-gap-no\">\n\t\t\t\t\t<div class=\"elementor-column elementor-col-100 elementor-top-column elementor-element elementor-element-de423cf\" data-id=\"de423cf\" data-element_type=\"column\" data-e-type=\"column\">\n\t\t\t<div class=\"elementor-widget-wrap elementor-element-populated\">\n\t\t\t\t\t\t<div class=\"elementor-element elementor-element-9b27db7 elementor-widget elementor-widget-text-editor\" data-id=\"9b27db7\" data-element_type=\"widget\" data-e-type=\"widget\" data-widget_type=\"text-editor.default\">\n\t\t\t\t<div class=\"elementor-widget-container\">\n\t\t\t\t\t\t\t\t\t<p>Chicago Area Orientations &amp; Admissions<\/p>\t\t\t\t\t\t\t\t<\/div>\n\t\t\t\t<\/div>\n\t\t\t\t<section class=\"elementor-section elementor-inner-section elementor-element elementor-element-5776582 elementor-section-boxed elementor-section-height-default elementor-section-height-default\" data-id=\"5776582\" data-element_type=\"section\" data-e-type=\"section\">\n\t\t\t\t\t\t<div class=\"elementor-container elementor-column-gap-default\">\n\t\t\t\t\t<div class=\"elementor-column elementor-col-50 elementor-inner-column elementor-element elementor-element-54b36d3\" data-id=\"54b36d3\" data-element_type=\"column\" data-e-type=\"column\">\n\t\t\t<div class=\"elementor-widget-wrap elementor-element-populated\">\n\t\t\t\t\t\t<div class=\"elementor-element elementor-element-592774b elementor-view-stacked fixcontactcard elementor-shape-circle elementor-widget elementor-widget-icon\" data-id=\"592774b\" data-element_type=\"widget\" data-e-type=\"widget\" data-widget_type=\"icon.default\">\n\t\t\t\t<div class=\"elementor-widget-container\">\n\t\t\t\t\t\t\t<div class=\"elementor-icon-wrapper\">\n\t\t\t<a class=\"elementor-icon\" href=\"https:\/\/goo.gl\/maps\/ycjtU2YKtPLeTatK9\" target=\"_blank\">\n\t\t\t<i aria-hidden=\"true\" class=\"fas fa-map-marker-alt\"><\/i>\t\t\t<\/a>\n\t\t<\/div>\n\t\t\t\t\t\t<\/div>\n\t\t\t\t<\/div>\n\t\t\t\t\t<\/div>\n\t\t<\/div>\n\t\t\t\t<div class=\"elementor-column elementor-col-50 elementor-inner-column elementor-element elementor-element-e2c32fd\" data-id=\"e2c32fd\" data-element_type=\"column\" data-e-type=\"column\">\n\t\t\t<div class=\"elementor-widget-wrap elementor-element-populated\">\n\t\t\t\t\t\t<div class=\"elementor-element elementor-element-4571fbf fixptitle elementor-widget elementor-widget-text-editor\" data-id=\"4571fbf\" data-element_type=\"widget\" data-e-type=\"widget\" data-widget_type=\"text-editor.default\">\n\t\t\t\t<div class=\"elementor-widget-container\">\n\t\t\t\t\t\t\t\t\t<p>North Riverside Armory<br \/>8660 Cermak Rd, North Riverside, IL 60546<\/p>\t\t\t\t\t\t\t\t<\/div>\n\t\t\t\t<\/div>\n\t\t\t\t\t<\/div>\n\t\t<\/div>\n\t\t\t\t\t<\/div>\n\t\t<\/section>\n\t\t\t\t<section class=\"elementor-section elementor-inner-section elementor-element elementor-element-73e28fa elementor-section-boxed elementor-section-height-default elementor-section-height-default\" data-id=\"73e28fa\" data-element_type=\"section\" data-e-type=\"section\">\n\t\t\t\t\t\t<div class=\"elementor-container elementor-column-gap-default\">\n\t\t\t\t\t<div class=\"elementor-column elementor-col-50 elementor-inner-column elementor-element elementor-element-db064bd\" data-id=\"db064bd\" data-element_type=\"column\" data-e-type=\"column\">\n\t\t\t<div class=\"elementor-widget-wrap elementor-element-populated\">\n\t\t\t\t\t\t<div class=\"elementor-element elementor-element-a2c7b81 elementor-view-stacked fixcontactcard elementor-shape-circle elementor-widget elementor-widget-icon\" data-id=\"a2c7b81\" data-element_type=\"widget\" data-e-type=\"widget\" data-widget_type=\"icon.default\">\n\t\t\t\t<div class=\"elementor-widget-container\">\n\t\t\t\t\t\t\t<div class=\"elementor-icon-wrapper\">\n\t\t\t<a class=\"elementor-icon\" href=\"mailto:admissions@lincolnschallenge.org\">\n\t\t\t<i aria-hidden=\"true\" class=\"fas fa-envelope\"><\/i>\t\t\t<\/a>\n\t\t<\/div>\n\t\t\t\t\t\t<\/div>\n\t\t\t\t<\/div>\n\t\t\t\t\t<\/div>\n\t\t<\/div>\n\t\t\t\t<div class=\"elementor-column elementor-col-50 elementor-inner-column elementor-element elementor-element-e003b53\" data-id=\"e003b53\" data-element_type=\"column\" data-e-type=\"column\">\n\t\t\t<div class=\"elementor-widget-wrap elementor-element-populated\">\n\t\t\t\t\t\t<div class=\"elementor-element elementor-element-9e6517b elementor-widget elementor-widget-text-editor\" data-id=\"9e6517b\" data-element_type=\"widget\" data-e-type=\"widget\" data-widget_type=\"text-editor.default\">\n\t\t\t\t<div class=\"elementor-widget-container\">\n\t\t\t\t\t\t\t\t\tadmissions@lincolnschallenge.org\t\t\t\t\t\t\t\t<\/div>\n\t\t\t\t<\/div>\n\t\t\t\t\t<\/div>\n\t\t<\/div>\n\t\t\t\t\t<\/div>\n\t\t<\/section>\n\t\t\t\t\t<\/div>\n\t\t<\/div>\n\t\t\t\t\t<\/div>\n\t\t<\/section>\n\t\t\t\t<\/div>","protected":false},"excerpt":{"rendered":"<p>Chicago Area IMPORTANT:TO SCHEDULE A MANDATORY ORIENTATION AND SUCCESSFULLY SUBMIT AN APPLICATION: 1. Fill out and submit a Recruiter Contact Information Form below.2. A representative will call\/email you to schedule an orientation closest to you.3. Bring as many of the required documents with you to orientation as possible.4. Applicant for admission must wear gym shoes, [&hellip;]<\/p>\n","protected":false},"author":2,"featured_media":0,"parent":0,"menu_order":0,"comment_status":"closed","ping_status":"closed","template":"elementor_header_footer","meta":{"_exactmetrics_skip_tracking":false,"_exactmetrics_sitenote_active":false,"_exactmetrics_sitenote_note":"","_exactmetrics_sitenote_category":0,"footnotes":""},"class_list":["post-4063","page","type-page","status-publish","hentry"],"_links":{"self":[{"href":"https:\/\/www.lincolnschallenge.org\/es\/wp-json\/wp\/v2\/pages\/4063","targetHints":{"allow":["GET"]}}],"collection":[{"href":"https:\/\/www.lincolnschallenge.org\/es\/wp-json\/wp\/v2\/pages"}],"about":[{"href":"https:\/\/www.lincolnschallenge.org\/es\/wp-json\/wp\/v2\/types\/page"}],"author":[{"embeddable":true,"href":"https:\/\/www.lincolnschallenge.org\/es\/wp-json\/wp\/v2\/users\/2"}],"replies":[{"embeddable":true,"href":"https:\/\/www.lincolnschallenge.org\/es\/wp-json\/wp\/v2\/comments?post=4063"}],"version-history":[{"count":9,"href":"https:\/\/www.lincolnschallenge.org\/es\/wp-json\/wp\/v2\/pages\/4063\/revisions"}],"predecessor-version":[{"id":36001,"href":"https:\/\/www.lincolnschallenge.org\/es\/wp-json\/wp\/v2\/pages\/4063\/revisions\/36001"}],"wp:attachment":[{"href":"https:\/\/www.lincolnschallenge.org\/es\/wp-json\/wp\/v2\/media?parent=4063"}],"curies":[{"name":"wp","href":"https:\/\/api.w.org\/{rel}","templated":true}]}}