{"id":397,"date":"2019-05-06T20:16:23","date_gmt":"2019-05-07T01:16:23","guid":{"rendered":"https:\/\/www.lincolnschallenge.org\/?page_id=397"},"modified":"2021-10-16T11:24:42","modified_gmt":"2021-10-16T16:24:42","slug":"become-a-mentor","status":"publish","type":"page","link":"https:\/\/www.lincolnschallenge.org\/es\/become-a-mentor\/","title":{"rendered":"Convi\u00e9rtete en un Mentor"},"content":{"rendered":"<div data-elementor-type=\"wp-page\" data-elementor-id=\"397\" class=\"elementor elementor-397\" data-elementor-post-type=\"page\">\n\t\t\t\t\t\t<section class=\"elementor-section elementor-top-section elementor-element elementor-element-e7777ad elementor-section-full_width elementor-section-height-default elementor-section-height-default\" data-id=\"e7777ad\" data-element_type=\"section\" data-e-type=\"section\" data-settings=\"{&quot;background_background&quot;:&quot;classic&quot;}\">\n\t\t\t\t\t\t<div class=\"elementor-container elementor-column-gap-default\">\n\t\t\t\t\t<div class=\"elementor-column elementor-col-100 elementor-top-column elementor-element elementor-element-6f99867\" data-id=\"6f99867\" data-element_type=\"column\" data-e-type=\"column\">\n\t\t\t<div class=\"elementor-widget-wrap elementor-element-populated\">\n\t\t\t\t\t\t<section class=\"elementor-section elementor-inner-section elementor-element elementor-element-4ea3387 elementor-section-full_width elementor-section-content-middle mentorwidget elementor-section-height-default elementor-section-height-default\" data-id=\"4ea3387\" data-element_type=\"section\" data-e-type=\"section\">\n\t\t\t\t\t\t<div class=\"elementor-container elementor-column-gap-default\">\n\t\t\t\t\t<div class=\"elementor-column elementor-col-50 elementor-inner-column elementor-element elementor-element-e250954 img1\" data-id=\"e250954\" data-element_type=\"column\" data-e-type=\"column\">\n\t\t\t<div class=\"elementor-widget-wrap elementor-element-populated\">\n\t\t\t\t\t\t<div class=\"elementor-element elementor-element-cf57661 elementor-widget elementor-widget-image\" data-id=\"cf57661\" data-element_type=\"widget\" data-e-type=\"widget\" data-widget_type=\"image.default\">\n\t\t\t\t<div class=\"elementor-widget-container\">\n\t\t\t\t\t\t\t\t\t\t\t\t\t\t\t<img fetchpriority=\"high\" decoding=\"async\" width=\"1920\" height=\"1080\" src=\"https:\/\/www.lincolnschallenge.org\/wp-content\/uploads\/2019\/09\/Mentor001.png\" class=\"attachment-full size-full wp-image-2901\" alt=\"\" srcset=\"https:\/\/www.lincolnschallenge.org\/wp-content\/uploads\/2019\/09\/Mentor001.png 1920w, https:\/\/www.lincolnschallenge.org\/wp-content\/uploads\/2019\/09\/Mentor001-300x169.png 300w, https:\/\/www.lincolnschallenge.org\/wp-content\/uploads\/2019\/09\/Mentor001-768x432.png 768w, https:\/\/www.lincolnschallenge.org\/wp-content\/uploads\/2019\/09\/Mentor001-1024x576.png 1024w\" sizes=\"(max-width: 1920px) 100vw, 1920px\" \/>\t\t\t\t\t\t\t\t\t\t\t\t\t\t\t<\/div>\n\t\t\t\t<\/div>\n\t\t\t\t\t<\/div>\n\t\t<\/div>\n\t\t\t\t<div class=\"elementor-column elementor-col-50 elementor-inner-column elementor-element elementor-element-0b6f19f\" data-id=\"0b6f19f\" data-element_type=\"column\" data-e-type=\"column\">\n\t\t\t<div class=\"elementor-widget-wrap elementor-element-populated\">\n\t\t\t\t\t\t<div class=\"elementor-element elementor-element-3fc87b8 elementor-widget elementor-widget-text-editor\" data-id=\"3fc87b8\" data-element_type=\"widget\" data-e-type=\"widget\" data-widget_type=\"text-editor.default\">\n\t\t\t\t<div class=\"elementor-widget-container\">\n\t\t\t\t\t\t\t\t\t<p>Mentores y Cadetes<\/p>\t\t\t\t\t\t\t\t<\/div>\n\t\t\t\t<\/div>\n\t\t\t\t<div class=\"elementor-element elementor-element-97bbe72 elementor-widget elementor-widget-text-editor\" data-id=\"97bbe72\" data-element_type=\"widget\" data-e-type=\"widget\" data-widget_type=\"text-editor.default\">\n\t\t\t\t<div class=\"elementor-widget-container\">\n\t\t\t\t\t\t\t\t\t<p>La investigaci\u00f3n muestra que los j\u00f3venes apoyados por un mentor tienen una mayor tasa de \u00e9xito en las carreras. Como mentor, usted se compromete a mantener el contacto con su Cadete durante 14 meses con un m\u00ednimo de cuatro contactos por mes durante la Fase posterior a la residencia y enviar una evaluaci\u00f3n mensual del mentor.<\/p>\t\t\t\t\t\t\t\t<\/div>\n\t\t\t\t<\/div>\n\t\t\t\t<div class=\"elementor-element elementor-element-26f1407 elementor-widget elementor-widget-text-editor\" data-id=\"26f1407\" data-element_type=\"widget\" data-e-type=\"widget\" data-widget_type=\"text-editor.default\">\n\t\t\t\t<div class=\"elementor-widget-container\">\n\t\t\t\t\t\t\t\t\t<p>El Papel del Mentor<\/p>\t\t\t\t\t\t\t\t<\/div>\n\t\t\t\t<\/div>\n\t\t\t\t<div class=\"elementor-element elementor-element-d99af6b elementor-widget elementor-widget-text-editor\" data-id=\"d99af6b\" data-element_type=\"widget\" data-e-type=\"widget\" data-widget_type=\"text-editor.default\">\n\t\t\t\t<div class=\"elementor-widget-container\">\n\t\t\t\t\t\t\t\t\t<p>A mentor act as a role model, advisor, friend, and positive example to their Cadet. Before arrival, Cadets choose someone to be their mentor from their support system, The mentor plays a key role in the success of a Cadet following the residential phase. Having a mentor is a requirement to attend the program.<\/p>\t\t\t\t\t\t\t\t<\/div>\n\t\t\t\t<\/div>\n\t\t\t\t<div class=\"elementor-element elementor-element-6ef76ff elementor-widget elementor-widget-text-editor\" data-id=\"6ef76ff\" data-element_type=\"widget\" data-e-type=\"widget\" data-widget_type=\"text-editor.default\">\n\t\t\t\t<div class=\"elementor-widget-container\">\n\t\t\t\t\t\t\t\t\t<p>Entrenamiento de mentor<\/p>\t\t\t\t\t\t\t\t<\/div>\n\t\t\t\t<\/div>\n\t\t\t\t<div class=\"elementor-element elementor-element-0ddcac0 elementor-widget elementor-widget-text-editor\" data-id=\"0ddcac0\" data-element_type=\"widget\" data-e-type=\"widget\" data-widget_type=\"text-editor.default\">\n\t\t\t\t<div class=\"elementor-widget-container\">\n\t\t\t\t\t\t\t\t\t<p>Se brinda capacitaci\u00f3n a todos los mentores para que comprendan c\u00f3mo ayudar a su Cadete con su plan de vida. Se contactar\u00e1 a los mentores y se les permitir\u00e1 elegir a qu\u00e9 fechas de capacitaci\u00f3n pueden asistir.<\/p>\t\t\t\t\t\t\t\t<\/div>\n\t\t\t\t<\/div>\n\t\t\t\t<div class=\"elementor-element elementor-element-57b5106 elementor-widget elementor-widget-text-editor\" data-id=\"57b5106\" data-element_type=\"widget\" data-e-type=\"widget\" data-widget_type=\"text-editor.default\">\n\t\t\t\t<div class=\"elementor-widget-container\">\n\t\t\t\t\t\t\t\t\t<p>Apoyo de Mentor<\/p>\t\t\t\t\t\t\t\t<\/div>\n\t\t\t\t<\/div>\n\t\t\t\t<div class=\"elementor-element elementor-element-86b285c elementor-widget elementor-widget-text-editor\" data-id=\"86b285c\" data-element_type=\"widget\" data-e-type=\"widget\" data-widget_type=\"text-editor.default\">\n\t\t\t\t<div class=\"elementor-widget-container\">\n\t\t\t\t\t\t\t\t\t<p>Los mentores no est\u00e1n solos. Cada cadete y su mentor tendr\u00e1n un administrador de casos asignado para ayudarlos durante la fase residencial posterior.<\/p>\t\t\t\t\t\t\t\t<\/div>\n\t\t\t\t<\/div>\n\t\t\t\t\t<\/div>\n\t\t<\/div>\n\t\t\t\t\t<\/div>\n\t\t<\/section>\n\t\t\t\t\t<\/div>\n\t\t<\/div>\n\t\t\t\t\t<\/div>\n\t\t<\/section>\n\t\t\t\t<section class=\"elementor-section elementor-top-section elementor-element elementor-element-6cfe653 elementor-section-full_width addshadow elementor-section-height-default elementor-section-height-default\" data-id=\"6cfe653\" data-element_type=\"section\" data-e-type=\"section\">\n\t\t\t\t\t\t<div class=\"elementor-container elementor-column-gap-default\">\n\t\t\t\t\t<div class=\"elementor-column elementor-col-100 elementor-top-column elementor-element elementor-element-2d0d51a\" data-id=\"2d0d51a\" data-element_type=\"column\" data-e-type=\"column\">\n\t\t\t<div class=\"elementor-widget-wrap elementor-element-populated\">\n\t\t\t\t\t\t<div class=\"elementor-element elementor-element-e517d74 elementor-widget elementor-widget-text-editor\" data-id=\"e517d74\" data-element_type=\"widget\" data-e-type=\"widget\" data-widget_type=\"text-editor.default\">\n\t\t\t\t<div class=\"elementor-widget-container\">\n\t\t\t\t\t\t\t\t\t<p>How to become a Lincoln&#8217;s ChalleNGe Mentor<\/p>\t\t\t\t\t\t\t\t<\/div>\n\t\t\t\t<\/div>\n\t\t\t\t\t<\/div>\n\t\t<\/div>\n\t\t\t\t\t<\/div>\n\t\t<\/section>\n\t\t\t\t<section class=\"elementor-section elementor-top-section elementor-element elementor-element-ecb8e43 elementor-section-full_width elementor-section-height-default elementor-section-height-default\" data-id=\"ecb8e43\" data-element_type=\"section\" data-e-type=\"section\" data-settings=\"{&quot;background_background&quot;:&quot;classic&quot;}\">\n\t\t\t\t\t\t<div class=\"elementor-container elementor-column-gap-wide\">\n\t\t\t\t\t<div class=\"elementor-column elementor-col-100 elementor-top-column elementor-element elementor-element-ee0de77\" data-id=\"ee0de77\" data-element_type=\"column\" data-e-type=\"column\">\n\t\t\t<div class=\"elementor-widget-wrap elementor-element-populated\">\n\t\t\t\t\t\t<div class=\"elementor-element elementor-element-4ad8154 mentorappclass elementor-widget elementor-widget-text-editor\" data-id=\"4ad8154\" data-element_type=\"widget\" data-e-type=\"widget\" data-widget_type=\"text-editor.default\">\n\t\t\t\t<div class=\"elementor-widget-container\">\n\t\t\t\t\t\t\t\t\t<p><span data-preserver-spaces=\"true\">El primer paso es completar una Solicitud de Mentor.<\/span><\/p><p><strong><span style=\"font-size: 18px; color: #555555;\" data-preserver-spaces=\"true\">Enlace de Descarga:<\/span><\/strong><span data-preserver-spaces=\"true\">\u00a0<\/span><a class=\"_e75a791d-denali-editor-page-rtfLink\" style=\"font-size: 18px;\" href=\"https:\/\/www.lincolnschallenge.org\/wp-content\/uploads\/2021\/05\/Mentor-App-2021-Website.pdf\" target=\"_blank\" rel=\"noopener\"><span data-preserver-spaces=\"true\">Solicitud de Mentor<\/span><\/a><\/p><p><span data-preserver-spaces=\"true\">Para convertirse en un mentor, debe:<\/span><\/p><ul><li><span data-preserver-spaces=\"true\">Tener 21 a\u00f1os de edad o m\u00e1s<\/span><\/li><li><span data-preserver-spaces=\"true\">Mismo sexo que Cadet<\/span><\/li><li><span data-preserver-spaces=\"true\">Capaz de pasar una verificaci\u00f3n de antecedentes<\/span><\/li><li><span data-preserver-spaces=\"true\">Vive dentro de una proximidad geogr\u00e1fica razonable al Cadete<\/span><\/li><li><span data-preserver-spaces=\"true\">Firmar un Contrato y Acuerdo de Mentor<\/span><\/li><li><span data-preserver-spaces=\"true\">Asistir al Entrenamiento de Mentores \/ Sesi\u00f3n de Partido<\/span><\/li><li><span data-preserver-spaces=\"true\">Comprom\u00e9tase a trabajar con Cadet a trav\u00e9s de la fase posterior a la residencia (los 12 meses posteriores a la graduaci\u00f3n del programa)<\/span><\/li><li><span data-preserver-spaces=\"true\">Not related to and\/or not living in the same household as Cadet<\/span><\/li><\/ul><p><span data-preserver-spaces=\"true\">By policy a mentor cannot live in the same household or be the immediate family: mother, father, stepmother or father, brother or sister includes (step), mother or father\u2019s significant other, foster parent or legal guardian. Additionally, a mentor cannot be a Lincoln&#8217;s ChalleNGe Academy Staff member, their spouse, or significant other.<\/span><\/p><p><span data-preserver-spaces=\"true\">Si cumple y entiende estos criterios, puede comenzar el proceso de solicitud formal.<\/span><\/p><p><span data-preserver-spaces=\"true\">If you know a youth that is applying to Lincoln&#8217;s ChalleNGe, you may include your application with that of the youth&#8217;s. If you do not know a youth that is applying, you may submit an application, and we will match you with a youth from your area.<\/span><\/p>\t\t\t\t\t\t\t\t<\/div>\n\t\t\t\t<\/div>\n\t\t\t\t\t<\/div>\n\t\t<\/div>\n\t\t\t\t\t<\/div>\n\t\t<\/section>\n\t\t\t\t<\/div>","protected":false},"excerpt":{"rendered":"<p>Mentors &amp; Cadets Research shows that youth supported by a mentor have a greater success rate in careers. As a mentor, you are committed to maintaining contact with your Cadet for 14 months with a minimum of four contacts per month during the Post Residential Phase and submit a monthly mentor assessment. The Role of [&hellip;]<\/p>\n","protected":false},"author":2,"featured_media":0,"parent":0,"menu_order":0,"comment_status":"closed","ping_status":"closed","template":"elementor_header_footer","meta":{"_exactmetrics_skip_tracking":false,"_exactmetrics_sitenote_active":false,"_exactmetrics_sitenote_note":"","_exactmetrics_sitenote_category":0,"footnotes":""},"class_list":["post-397","page","type-page","status-publish","hentry"],"_links":{"self":[{"href":"https:\/\/www.lincolnschallenge.org\/es\/wp-json\/wp\/v2\/pages\/397","targetHints":{"allow":["GET"]}}],"collection":[{"href":"https:\/\/www.lincolnschallenge.org\/es\/wp-json\/wp\/v2\/pages"}],"about":[{"href":"https:\/\/www.lincolnschallenge.org\/es\/wp-json\/wp\/v2\/types\/page"}],"author":[{"embeddable":true,"href":"https:\/\/www.lincolnschallenge.org\/es\/wp-json\/wp\/v2\/users\/2"}],"replies":[{"embeddable":true,"href":"https:\/\/www.lincolnschallenge.org\/es\/wp-json\/wp\/v2\/comments?post=397"}],"version-history":[{"count":0,"href":"https:\/\/www.lincolnschallenge.org\/es\/wp-json\/wp\/v2\/pages\/397\/revisions"}],"wp:attachment":[{"href":"https:\/\/www.lincolnschallenge.org\/es\/wp-json\/wp\/v2\/media?parent=397"}],"curies":[{"name":"wp","href":"https:\/\/api.w.org\/{rel}","templated":true}]}}