{"id":1091,"date":"2019-06-13T22:46:45","date_gmt":"2019-06-13T22:46:45","guid":{"rendered":"https:\/\/www.lincolnschallenge.org\/?page_id=1091"},"modified":"2026-02-04T12:18:39","modified_gmt":"2026-02-04T18:18:39","slug":"education-opportunities","status":"publish","type":"page","link":"https:\/\/www.lincolnschallenge.org\/es\/education-opportunities\/","title":{"rendered":"Oportunidades Educativas"},"content":{"rendered":"<div data-elementor-type=\"wp-page\" data-elementor-id=\"1091\" class=\"elementor elementor-1091\" data-elementor-post-type=\"page\">\n\t\t\t\t\t\t<section class=\"elementor-section elementor-top-section elementor-element elementor-element-9d55c1f elementor-section-full_width elementor-hidden-mobile addshadow elementor-hidden-tablet elementor-section-height-default elementor-section-height-default\" data-id=\"9d55c1f\" data-element_type=\"section\" data-e-type=\"section\" data-settings=\"{&quot;background_background&quot;:&quot;classic&quot;}\">\n\t\t\t\t\t\t<div class=\"elementor-container elementor-column-gap-no\">\n\t\t\t\t\t<div class=\"elementor-column elementor-col-100 elementor-top-column elementor-element elementor-element-4da105e addshadow\" data-id=\"4da105e\" data-element_type=\"column\" data-e-type=\"column\">\n\t\t\t<div class=\"elementor-widget-wrap elementor-element-populated\">\n\t\t\t\t\t\t<div class=\"elementor-element elementor-element-af5b570 elementor-widget elementor-widget-text-editor\" data-id=\"af5b570\" data-element_type=\"widget\" data-e-type=\"widget\" data-widget_type=\"text-editor.default\">\n\t\t\t\t<div class=\"elementor-widget-container\">\n\t\t\t\t\t\t\t\t\t<p><span lang=\"en-US\">LCA es m\u00e1s que un simple programa de educaci\u00f3n para adultos. Los cadetes tienen la oportunidad de recuperar cr\u00e9ditos de la escuela secundaria, obtener su GED, recibir capacitaci\u00f3n en RCP, recibir un certificado de manipuladores de alimentos, experiencia laboral, habilidades inform\u00e1ticas y m\u00e1s. La academia contin\u00faa desarrollando y brindando capacitaci\u00f3n cr\u00edtica en habilidades para la vida para que sus graduados est\u00e9n listos para la vida.<\/span><\/p>\t\t\t\t\t\t\t\t<\/div>\n\t\t\t\t<\/div>\n\t\t\t\t\t<\/div>\n\t\t<\/div>\n\t\t\t\t\t<\/div>\n\t\t<\/section>\n\t\t\t\t<section class=\"elementor-section elementor-top-section elementor-element elementor-element-4a83f03 elementor-section-full_width elementor-hidden-desktop elementor-section-height-default elementor-section-height-default\" data-id=\"4a83f03\" data-element_type=\"section\" data-e-type=\"section\" data-settings=\"{&quot;background_background&quot;:&quot;classic&quot;}\">\n\t\t\t\t\t\t<div class=\"elementor-container elementor-column-gap-no\">\n\t\t\t\t\t<div class=\"elementor-column elementor-col-100 elementor-top-column elementor-element elementor-element-6dc0475 addshadow\" data-id=\"6dc0475\" data-element_type=\"column\" data-e-type=\"column\">\n\t\t\t<div class=\"elementor-widget-wrap elementor-element-populated\">\n\t\t\t\t\t\t<div class=\"elementor-element elementor-element-f9d4f2e elementor-widget elementor-widget-text-editor\" data-id=\"f9d4f2e\" data-element_type=\"widget\" data-e-type=\"widget\" data-widget_type=\"text-editor.default\">\n\t\t\t\t<div class=\"elementor-widget-container\">\n\t\t\t\t\t\t\t\t\t<p><span lang=\"en-US\">LCA es m\u00e1s que un simple programa de educaci\u00f3n para adultos. Los cadetes tienen la oportunidad de recuperar cr\u00e9ditos de la escuela secundaria, obtener su GED, recibir capacitaci\u00f3n en RCP, recibir un certificado de manipuladores de alimentos, experiencia laboral, habilidades inform\u00e1ticas y m\u00e1s. La academia contin\u00faa desarrollando y brindando capacitaci\u00f3n cr\u00edtica en habilidades para la vida para que sus graduados est\u00e9n listos para la vida.<\/span><\/p>\t\t\t\t\t\t\t\t<\/div>\n\t\t\t\t<\/div>\n\t\t\t\t\t<\/div>\n\t\t<\/div>\n\t\t\t\t\t<\/div>\n\t\t<\/section>\n\t\t\t\t<section class=\"elementor-section elementor-top-section elementor-element elementor-element-20e4b2c elementor-section-full_width elementor-hidden-phone elementor-section-height-default elementor-section-height-default\" data-id=\"20e4b2c\" data-element_type=\"section\" data-e-type=\"section\" data-settings=\"{&quot;background_background&quot;:&quot;classic&quot;}\">\n\t\t\t\t\t\t<div class=\"elementor-container elementor-column-gap-default\">\n\t\t\t\t\t<div class=\"elementor-column elementor-col-100 elementor-top-column elementor-element elementor-element-c36ca37\" data-id=\"c36ca37\" data-element_type=\"column\" data-e-type=\"column\">\n\t\t\t<div class=\"elementor-widget-wrap elementor-element-populated\">\n\t\t\t\t\t\t<div class=\"elementor-element elementor-element-534a559 elementor-widget elementor-widget-heading\" data-id=\"534a559\" data-element_type=\"widget\" data-e-type=\"widget\" data-widget_type=\"heading.default\">\n\t\t\t\t<div class=\"elementor-widget-container\">\n\t\t\t\t\t<h2 class=\"elementor-heading-title elementor-size-default\">Education &amp; Training Opportunities at LCA<\/h2>\t\t\t\t<\/div>\n\t\t\t\t<\/div>\n\t\t\t\t<div class=\"elementor-element elementor-element-be264dc elementor-widget elementor-widget-text-editor\" data-id=\"be264dc\" data-element_type=\"widget\" data-e-type=\"widget\" data-widget_type=\"text-editor.default\">\n\t\t\t\t<div class=\"elementor-widget-container\">\n\t\t\t\t\t\t\t\t\t<p>LCA provides a well-rounded education that goes beyond the classroom, offering academic excellence, life skills development, and career-focused training to prepare Cadets for success in all aspects of life. Through this well-rounded approach, LCA empowers Cadets with the knowledge, skills, and training needed to achieve their personal, academic, and professional goals.<\/p><p>Education at LCA Includes:<\/p><p><b>Academic Success<\/b> \u2013 Cadets can earn a GED as young as 16 or work toward gaining, maintaining, or exceeding high school credits to stay on track for graduation.<\/p><p><b>Life Skills Education<\/b> \u2013 Training in financial literacy, communication, conflict resolution, discipline, time management, and personal development to build independence and confidence.<\/p><p><b>Education Pathways<\/b> \u2013 Individual guidance on life plan develop and post-graduation opportunities, including college, trade schools, military, or workforce entry.<\/p><p><b>Vocational Classes<\/b> \u2013 Hands-on learning in career and technical education (CTE) programs, providing job skills and certifications that lead to employment.<\/p><p><b>Nutrition &amp; Wellness<\/b> \u2013 Education on healthy eating habits, physical fitness, and overall well-being to support long-term success.<\/p>\t\t\t\t\t\t\t\t<\/div>\n\t\t\t\t<\/div>\n\t\t\t\t<div class=\"elementor-element elementor-element-ace29f8 elementor-widget elementor-widget-heading\" data-id=\"ace29f8\" data-element_type=\"widget\" data-e-type=\"widget\" data-widget_type=\"heading.default\">\n\t\t\t\t<div class=\"elementor-widget-container\">\n\t\t\t\t\t<h2 class=\"elementor-heading-title elementor-size-default\">Choose your academic path<\/h2>\t\t\t\t<\/div>\n\t\t\t\t<\/div>\n\t\t\t\t<div class=\"elementor-element elementor-element-f0bdf1b elementor-widget elementor-widget-text-editor\" data-id=\"f0bdf1b\" data-element_type=\"widget\" data-e-type=\"widget\" data-widget_type=\"text-editor.default\">\n\t\t\t\t<div class=\"elementor-widget-container\">\n\t\t\t\t\t\t\t\t\t<p>LCA has two Educational Tracks: Track I- GED and Track II- High School Path<\/p><p><strong>Track I: GED<\/strong> <strong>Path<\/strong>:\u00a0<span style=\"color: var( --e-global-color-text ); font-family: var( --e-global-typography-text-font-family ), Sans-serif; font-weight: var( --e-global-typography-text-font-weight );\">Cadets choosing to take the GED will attend classes focus on the next GED test and the one to follow after. After completing the test classes will move on to the next subject.\u00a0<\/span><span style=\"color: var( --e-global-color-text ); font-family: var( --e-global-typography-text-font-family ), Sans-serif; font-weight: var( --e-global-typography-text-font-weight );\">Tutoring and educational support is available on request. Re-testing is available as needed.\u00a0<\/span><span style=\"color: var( --e-global-color-text ); font-family: var( --e-global-typography-text-font-family ), Sans-serif; font-weight: var( --e-global-typography-text-font-weight );\">Cadets who complete the program, but do not pass all GED tests are eligible to use vouchers for re-testing after graduation.<\/span><\/p><p><strong>Track II: High Diploma Path<\/strong>: As a fully accredited alternative education program, high school students can transfer to LCA to attend the 5-month residential program and take the high school diploma path as their education option. Allows Cadets to obtain high school credits while attending LCA with the goal of returning to their high school after graduating the academy.\u00a0<\/p><p>LCA offers an array of accredited classes and combines virtual, hands-on and instructor lead teaching to help Cadets succeed. Gain, maintain or surpass the credits they need according to their grade level, transcripts and academic requirements.\u00a0<\/p><p>The classes are customized to the students\u2019 academic needs, IEPs, and their original school\u2019s graduation requirements.<\/p>\t\t\t\t\t\t\t\t<\/div>\n\t\t\t\t<\/div>\n\t\t\t\t<div class=\"elementor-element elementor-element-6fe4f8d elementor-widget elementor-widget-heading\" data-id=\"6fe4f8d\" data-element_type=\"widget\" data-e-type=\"widget\" data-widget_type=\"heading.default\">\n\t\t\t\t<div class=\"elementor-widget-container\">\n\t\t\t\t\t<h2 class=\"elementor-heading-title elementor-size-default\">Vocational Programs<\/h2>\t\t\t\t<\/div>\n\t\t\t\t<\/div>\n\t\t\t\t<div class=\"elementor-element elementor-element-184598f elementor-widget elementor-widget-text-editor\" data-id=\"184598f\" data-element_type=\"widget\" data-e-type=\"widget\" data-widget_type=\"text-editor.default\">\n\t\t\t\t<div class=\"elementor-widget-container\">\n\t\t\t\t\t\t\t\t\t<p>LCA\u2019s Vocational Education program provides Cadets with job skills training and certifications. It offers opportunities for trade certifications, knowledge of career paths, knowledge of how to seek employment, and resources they have available.<\/p><p>Vocational classes may vary from class to class. During Acclimation Phase cadets are briefed on what classes are available that cycle.<\/p><p>Cadet must meet all requirements such as age, behavior, academics, and performance. Seats per vocation are limited and not guaranteed.<\/p>\t\t\t\t\t\t\t\t<\/div>\n\t\t\t\t<\/div>\n\t\t\t\t<div class=\"elementor-element elementor-element-652a10e elementor-widget elementor-widget-heading\" data-id=\"652a10e\" data-element_type=\"widget\" data-e-type=\"widget\" data-widget_type=\"heading.default\">\n\t\t\t\t<div class=\"elementor-widget-container\">\n\t\t\t\t\t<h2 class=\"elementor-heading-title elementor-size-default\">Tailor your path<\/h2>\t\t\t\t<\/div>\n\t\t\t\t<\/div>\n\t\t\t\t<div class=\"elementor-element elementor-element-ef82cad elementor-widget elementor-widget-text-editor\" data-id=\"ef82cad\" data-element_type=\"widget\" data-e-type=\"widget\" data-widget_type=\"text-editor.default\">\n\t\t\t\t<div class=\"elementor-widget-container\">\n\t\t\t\t\t\t\t\t\t<p>For more information on the academy&#8217;s education and training opportunities, requirements, and more please contact an admissions rep at 1-800-851-2166.<\/p>\t\t\t\t\t\t\t\t<\/div>\n\t\t\t\t<\/div>\n\t\t\t\t\t<\/div>\n\t\t<\/div>\n\t\t\t\t\t<\/div>\n\t\t<\/section>\n\t\t\t\t<\/div>","protected":false},"excerpt":{"rendered":"<p>LCA is more than just an adult education program. Cadets have the opportunity to recover high school credits, earn their GED, receive CPR training, receive a food handlers certificate, work experience, computer skills and more. The academy continues to develop and provide critical life skills training to make it&#8217;s graduates ready for life. LCA is [&hellip;]<\/p>\n","protected":false},"author":2,"featured_media":0,"parent":0,"menu_order":0,"comment_status":"closed","ping_status":"closed","template":"elementor_header_footer","meta":{"_exactmetrics_skip_tracking":false,"_exactmetrics_sitenote_active":false,"_exactmetrics_sitenote_note":"","_exactmetrics_sitenote_category":0,"footnotes":""},"class_list":["post-1091","page","type-page","status-publish","hentry"],"_links":{"self":[{"href":"https:\/\/www.lincolnschallenge.org\/es\/wp-json\/wp\/v2\/pages\/1091","targetHints":{"allow":["GET"]}}],"collection":[{"href":"https:\/\/www.lincolnschallenge.org\/es\/wp-json\/wp\/v2\/pages"}],"about":[{"href":"https:\/\/www.lincolnschallenge.org\/es\/wp-json\/wp\/v2\/types\/page"}],"author":[{"embeddable":true,"href":"https:\/\/www.lincolnschallenge.org\/es\/wp-json\/wp\/v2\/users\/2"}],"replies":[{"embeddable":true,"href":"https:\/\/www.lincolnschallenge.org\/es\/wp-json\/wp\/v2\/comments?post=1091"}],"version-history":[{"count":18,"href":"https:\/\/www.lincolnschallenge.org\/es\/wp-json\/wp\/v2\/pages\/1091\/revisions"}],"predecessor-version":[{"id":45457,"href":"https:\/\/www.lincolnschallenge.org\/es\/wp-json\/wp\/v2\/pages\/1091\/revisions\/45457"}],"wp:attachment":[{"href":"https:\/\/www.lincolnschallenge.org\/es\/wp-json\/wp\/v2\/media?parent=1091"}],"curies":[{"name":"wp","href":"https:\/\/api.w.org\/{rel}","templated":true}]}}